{"id":75,"date":"2018-04-28T16:35:36","date_gmt":"2018-04-28T16:35:36","guid":{"rendered":"http:\/\/development.cptstrs.org\/wpr\/?page_id=75"},"modified":"2018-04-28T16:35:36","modified_gmt":"2018-04-28T16:35:36","slug":"books-research","status":"publish","type":"page","link":"https:\/\/stg2.tadalliance.org\/?page_id=75","title":{"rendered":"Books &#038; Research"},"content":{"rendered":"<p><img decoding=\"async\" class=\"alignnone size-full wp-image-76\" src=\"https:\/\/cptstrs.org\/wp-content\/uploads\/2018\/04\/image023-e1400697051713.png\" alt=\"\" width=\"113\" height=\"150\" \/>\u00a0 \u00a0 \u00a0 \u00a0 \u00a0 \u00a0 \u00a0 \u00a0 \u00a0 \u00a0 \u00a0<img decoding=\"async\" class=\"alignnone wp-image-81 size-full\" src=\"https:\/\/cptstrs.org\/wp-content\/uploads\/2018\/04\/ambassadormorgenthausstory-e1400509017392.png\" alt=\"\" width=\"99\" height=\"150\" \/>\u00a0 \u00a0 \u00a0 \u00a0 \u00a0 \u00a0 \u00a0 \u00a0 \u00a0 \u00a0 \u00a0 \u00a0 \u00a0 \u00a0 \u00a0\u00a0<a href=\"https:\/\/cptstrs.org\/wp-content\/uploads\/2018\/04\/HovhannesKatchaznouni-Manifesto.pdf\"><img decoding=\"async\" class=\"alignnone wp-image-85 size-full\" src=\"https:\/\/cptstrs.org\/wp-content\/uploads\/2018\/04\/HovhannesKatchaznouni-Manifesto-e1400509304620.png\" alt=\"\" width=\"102\" height=\"150\" \/><\/a><\/p>\n<p>Genocide of Truth \u00a0 \u00a0Ambassador Morgenthau\u2019s Story \u00a0 \u00a0 \u00a0 \u00a0Hovhannes Katchaznouni Manifesto<\/p>\n<p>&nbsp;<\/p>\n<ul>\n<li><a href=\"https:\/\/www.usak.org.tr\/\" target=\"_blank\" rel=\"noopener noreferrer\">International Strategic Research<\/a><\/li>\n<li><a href=\"https:\/\/tr.wikipedia.org\/wiki\/Ermeni_isyanlar%C4%B1_(I._D%C3%BCnya_Sava%C5%9F%C4%B1\" target=\"_blank\" rel=\"noopener noreferrer\">Armenian Revolts\/Ermeni \u0130syanlar\u0131<br \/>\n<\/a><\/li>\n<li><a href=\"https:\/\/www.cptstrs.org\/wp-content\/uploads\/2014\/12\/11.ArmenianCase.MehmetNurAltin%C3%B6rs.pdf\">11.ArmenianCase.MehmetNurAltin\u00f6rs<\/a><\/li>\n<li><a href=\"https:\/\/armenians-1915.blogspot.com\/2012\/07\/3363-video-brief-hopscotch-scroll-in.html\">https:\/\/armenians-1915.blogspot.com\/2012\/07\/3363-video-brief-hopscotch-scroll-in.html<\/a><\/li>\n<\/ul>\n","protected":false},"excerpt":{"rendered":"<p>\u00a0 \u00a0 \u00a0 \u00a0 \u00a0 \u00a0 \u00a0 \u00a0 \u00a0 \u00a0 \u00a0\u00a0 \u00a0 \u00a0 \u00a0 \u00a0 \u00a0 \u00a0 \u00a0 \u00a0 \u00a0 \u00a0 \u00a0 \u00a0 \u00a0 \u00a0\u00a0 Genocide of Truth \u00a0 \u00a0Ambassador Morgenthau\u2019s Story \u00a0 \u00a0 \u00a0 \u00a0Hovhannes Katchaznouni Manifesto &nbsp; International Strategic Research Armenian Revolts\/Ermeni \u0130syanlar\u0131 11.ArmenianCase.MehmetNurAltin\u00f6rs https:\/\/armenians-1915.blogspot.com\/2012\/07\/3363-video-brief-hopscotch-scroll-in.html<\/p>\n","protected":false},"author":3,"featured_media":0,"parent":0,"menu_order":0,"comment_status":"closed","ping_status":"closed","template":"","meta":{"site-sidebar-layout":"default","site-content-layout":"","ast-site-content-layout":"default","site-content-style":"default","site-sidebar-style":"default","ast-global-header-display":"","ast-banner-title-visibility":"","ast-main-header-display":"","ast-hfb-above-header-display":"","ast-hfb-below-header-display":"","ast-hfb-mobile-header-display":"","site-post-title":"","ast-breadcrumbs-content":"","ast-featured-img":"","footer-sml-layout":"","theme-transparent-header-meta":"","adv-header-id-meta":"","stick-header-meta":"","header-above-stick-meta":"","header-main-stick-meta":"","header-below-stick-meta":"","astra-migrate-meta-layouts":"default","ast-page-background-enabled":"default","ast-page-background-meta":{"desktop":{"background-color":"var(--ast-global-color-5)","background-image":"","background-repeat":"repeat","background-position":"center center","background-size":"auto","background-attachment":"scroll","background-type":"","background-media":"","overlay-type":"","overlay-color":"","overlay-opacity":"","overlay-gradient":""},"tablet":{"background-color":"","background-image":"","background-repeat":"repeat","background-position":"center center","background-size":"auto","background-attachment":"scroll","background-type":"","background-media":"","overlay-type":"","overlay-color":"","overlay-opacity":"","overlay-gradient":""},"mobile":{"background-color":"","background-image":"","background-repeat":"repeat","background-position":"center center","background-size":"auto","background-attachment":"scroll","background-type":"","background-media":"","overlay-type":"","overlay-color":"","overlay-opacity":"","overlay-gradient":""}},"ast-content-background-meta":{"desktop":{"background-color":"var(--ast-global-color-4)","background-image":"","background-repeat":"repeat","background-position":"center center","background-size":"auto","background-attachment":"scroll","background-type":"","background-media":"","overlay-type":"","overlay-color":"","overlay-opacity":"","overlay-gradient":""},"tablet":{"background-color":"var(--ast-global-color-4)","background-image":"","background-repeat":"repeat","background-position":"center center","background-size":"auto","background-attachment":"scroll","background-type":"","background-media":"","overlay-type":"","overlay-color":"","overlay-opacity":"","overlay-gradient":""},"mobile":{"background-color":"var(--ast-global-color-4)","background-image":"","background-repeat":"repeat","background-position":"center center","background-size":"auto","background-attachment":"scroll","background-type":"","background-media":"","overlay-type":"","overlay-color":"","overlay-opacity":"","overlay-gradient":""}},"footnotes":""},"class_list":["post-75","page","type-page","status-publish","hentry"],"_links":{"self":[{"href":"https:\/\/stg2.tadalliance.org\/index.php?rest_route=\/wp\/v2\/pages\/75","targetHints":{"allow":["GET"]}}],"collection":[{"href":"https:\/\/stg2.tadalliance.org\/index.php?rest_route=\/wp\/v2\/pages"}],"about":[{"href":"https:\/\/stg2.tadalliance.org\/index.php?rest_route=\/wp\/v2\/types\/page"}],"author":[{"embeddable":true,"href":"https:\/\/stg2.tadalliance.org\/index.php?rest_route=\/wp\/v2\/users\/3"}],"replies":[{"embeddable":true,"href":"https:\/\/stg2.tadalliance.org\/index.php?rest_route=%2Fwp%2Fv2%2Fcomments&post=75"}],"version-history":[{"count":0,"href":"https:\/\/stg2.tadalliance.org\/index.php?rest_route=\/wp\/v2\/pages\/75\/revisions"}],"wp:attachment":[{"href":"https:\/\/stg2.tadalliance.org\/index.php?rest_route=%2Fwp%2Fv2%2Fmedia&parent=75"}],"curies":[{"name":"wp","href":"https:\/\/api.w.org\/{rel}","templated":true}]}}